{"id":6264,"date":"2021-01-25T14:14:12","date_gmt":"2021-01-25T13:14:12","guid":{"rendered":"https:\/\/nboldapp.com\/?page_id=6264"},"modified":"2023-01-17T09:54:17","modified_gmt":"2023-01-17T08:54:17","slug":"comment-creer-des-modeles-de-planificateurs","status":"publish","type":"page","link":"https:\/\/nboldapp.com\/fr\/l\/how-to-build-planner-templates\/","title":{"rendered":"Comment cr\u00e9er des mod\u00e8les de planificateurs"},"content":{"rendered":"<div data-elementor-type=\"wp-page\" data-elementor-id=\"6264\" class=\"elementor elementor-6264\" data-elementor-post-type=\"page\">\n\t\t\t\t\t\t<section class=\"elementor-section elementor-top-section elementor-element elementor-element-5a070bc8 elementor-section-boxed elementor-section-height-default elementor-section-height-default\" data-id=\"5a070bc8\" data-element_type=\"section\" data-e-type=\"section\">\n\t\t\t\t\t\t<div class=\"elementor-container elementor-column-gap-default\">\n\t\t\t\t\t<div class=\"elementor-column elementor-col-100 elementor-top-column elementor-element elementor-element-1552232b\" data-id=\"1552232b\" data-element_type=\"column\" data-e-type=\"column\">\n\t\t\t<div class=\"elementor-widget-wrap elementor-element-populated\">\n\t\t\t\t\t\t<div class=\"elementor-element elementor-element-6e1fa75 elementor-widget elementor-widget-spacer\" data-id=\"6e1fa75\" data-element_type=\"widget\" data-e-type=\"widget\" data-widget_type=\"spacer.default\">\n\t\t\t\t\t\t\t<div class=\"elementor-spacer\">\n\t\t\t<div class=\"elementor-spacer-inner\"><\/div>\n\t\t<\/div>\n\t\t\t\t\t\t<\/div>\n\t\t\t\t\t<\/div>\n\t\t<\/div>\n\t\t\t\t\t<\/div>\n\t\t<\/section>\n\t\t\t\t<section class=\"elementor-section elementor-top-section elementor-element elementor-element-627b740b elementor-section-boxed elementor-section-height-default elementor-section-height-default\" data-id=\"627b740b\" data-element_type=\"section\" data-e-type=\"section\">\n\t\t\t\t\t\t<div class=\"elementor-container elementor-column-gap-default\">\n\t\t\t\t\t<div class=\"elementor-column elementor-col-20 elementor-top-column elementor-element elementor-element-75158133\" data-id=\"75158133\" data-element_type=\"column\" data-e-type=\"column\">\n\t\t\t<div class=\"elementor-widget-wrap\">\n\t\t\t\t\t\t\t<\/div>\n\t\t<\/div>\n\t\t\t\t<div class=\"elementor-column elementor-col-20 elementor-top-column elementor-element elementor-element-7a83d7df\" data-id=\"7a83d7df\" data-element_type=\"column\" data-e-type=\"column\">\n\t\t\t<div class=\"elementor-widget-wrap elementor-element-populated\">\n\t\t\t\t\t\t<div class=\"elementor-element elementor-element-2d7694d elementor-hidden-mobile elementor-widget elementor-widget-heading\" data-id=\"2d7694d\" data-element_type=\"widget\" data-e-type=\"widget\" data-widget_type=\"heading.default\">\n\t\t\t\t\t<h2 class=\"elementor-heading-title elementor-size-default\">Microsoft Teams et <span style=\"padding-left: 1px;padding-right: 5px\"> <br>Planificateur <\/span><\/h2>\t\t\t\t<\/div>\n\t\t\t\t<div class=\"elementor-element elementor-element-20d079b4 elementor-hidden-desktop elementor-hidden-tablet elementor-widget elementor-widget-heading\" data-id=\"20d079b4\" data-element_type=\"widget\" data-e-type=\"widget\" data-widget_type=\"heading.default\">\n\t\t\t\t\t<h2 class=\"elementor-heading-title elementor-size-default\">Microsoft Teams et <span style=\"padding-left: 1px;padding-right: 5px\"> Planificateur <\/span><\/h2>\t\t\t\t<\/div>\n\t\t\t\t<div class=\"elementor-element elementor-element-aa4661e elementor-widget elementor-widget-text-editor\" data-id=\"aa4661e\" data-element_type=\"widget\" data-e-type=\"widget\" data-widget_type=\"text-editor.default\">\n\t\t\t\t\t\t\t\t\t<p>D\u00e9couvrez comment vous pouvez utiliser Planner avec Microsoft Teams, d\u00e9couvrez les cas d'utilisation courants et explorez comment vous pouvez cr\u00e9er des mod\u00e8les Planner dans Teams.<\/p>\t\t\t\t\t\t\t\t<\/div>\n\t\t\t\t<div class=\"elementor-element elementor-element-109b5548 elementor-widget elementor-widget-shortcode\" data-id=\"109b5548\" data-element_type=\"widget\" data-e-type=\"widget\" data-widget_type=\"shortcode.default\">\n\t\t\t\t\t\t\t<div class=\"elementor-shortcode\"><script charset=\"utf-8\" type=\"text\/javascript\" src=\"\/\/js.hsforms.net\/forms\/embed\/v2.js\"><\/script>\n<script>\n  hbspt.forms.create({\n    region: \"na1\",\n    portalId: \"6395096\",\n    formId: \"6e7c2c9f-5149-435c-8886-7e5cdc3f1285\"\n  });\n<\/script><\/div>\n\t\t\t\t\t\t<\/div>\n\t\t\t\t\t<\/div>\n\t\t<\/div>\n\t\t\t\t<div class=\"elementor-column elementor-col-20 elementor-top-column elementor-element elementor-element-553ecf86\" data-id=\"553ecf86\" data-element_type=\"column\" data-e-type=\"column\">\n\t\t\t<div class=\"elementor-widget-wrap\">\n\t\t\t\t\t\t\t<\/div>\n\t\t<\/div>\n\t\t\t\t<div class=\"elementor-column elementor-col-20 elementor-top-column elementor-element elementor-element-63f72c50\" data-id=\"63f72c50\" data-element_type=\"column\" data-e-type=\"column\">\n\t\t\t<div class=\"elementor-widget-wrap elementor-element-populated\">\n\t\t\t\t\t\t<div class=\"elementor-element elementor-element-79acc824 elementor-widget-mobile__width-inherit elementor-arrows-position-inside elementor-pagination-position-outside elementor-widget elementor-widget-image-carousel\" data-id=\"79acc824\" data-element_type=\"widget\" data-e-type=\"widget\" data-settings=\"{&quot;slides_to_show&quot;:&quot;1&quot;,&quot;autoplay_speed&quot;:0,&quot;speed&quot;:6000,&quot;slides_to_show_mobile&quot;:&quot;3&quot;,&quot;navigation&quot;:&quot;both&quot;,&quot;autoplay&quot;:&quot;yes&quot;,&quot;pause_on_hover&quot;:&quot;yes&quot;,&quot;pause_on_interaction&quot;:&quot;yes&quot;,&quot;infinite&quot;:&quot;yes&quot;,&quot;effect&quot;:&quot;slide&quot;}\" data-widget_type=\"image-carousel.default\">\n\t\t\t\t\t\t\t<div class=\"elementor-image-carousel-wrapper swiper\" role=\"region\" aria-roledescription=\"carousel\" aria-label=\"Carrousel d&#039;images\" dir=\"ltr\">\n\t\t\t<div class=\"elementor-image-carousel swiper-wrapper\" aria-live=\"off\">\n\t\t\t\t\t\t\t\t<div class=\"swiper-slide\" role=\"group\" aria-roledescription=\"slide\" aria-label=\"1 de 3\"><figure class=\"swiper-slide-inner\"><img decoding=\"async\" class=\"swiper-slide-image\" src=\"https:\/\/nboldapp.com\/wp-content\/uploads\/2022\/11\/Group-1010105161.svg\" alt=\"Groupe 1010105161\" \/><\/figure><\/div><div class=\"swiper-slide\" role=\"group\" aria-roledescription=\"slide\" aria-label=\"2 de 3\"><figure class=\"swiper-slide-inner\"><img decoding=\"async\" class=\"swiper-slide-image\" src=\"https:\/\/nboldapp.com\/wp-content\/uploads\/2022\/11\/Group-1010105162.svg\" alt=\"Groupe 1010105162\" \/><\/figure><\/div><div class=\"swiper-slide\" role=\"group\" aria-roledescription=\"slide\" aria-label=\"3 de 3\"><figure class=\"swiper-slide-inner\"><img decoding=\"async\" class=\"swiper-slide-image\" src=\"https:\/\/nboldapp.com\/wp-content\/uploads\/2022\/11\/Group-1010105163.svg\" alt=\"Groupe 1010105163\" \/><\/figure><\/div>\t\t\t<\/div>\n\t\t\t\t\t\t\t\t\t\t\t\t<div class=\"elementor-swiper-button elementor-swiper-button-prev\" role=\"button\" tabindex=\"0\">\n\t\t\t\t\t\t<svg aria-hidden=\"true\" class=\"e-font-icon-svg e-eicon-chevron-left\" viewbox=\"0 0 1000 1000\" xmlns=\"http:\/\/www.w3.org\/2000\/svg\"><path d=\"M646 125C629 125 613 133 604 142L308 442C296 454 292 471 292 487 292 504 296 521 308 533L604 854C617 867 629 875 646 875 663 875 679 871 692 858 704 846 713 829 713 812 713 796 708 779 692 767L438 487 692 225C700 217 708 204 708 187 708 171 704 154 692 142 675 129 663 125 646 125Z\"><\/path><\/svg>\t\t\t\t\t<\/div>\n\t\t\t\t\t<div class=\"elementor-swiper-button elementor-swiper-button-next\" role=\"button\" tabindex=\"0\">\n\t\t\t\t\t\t<svg aria-hidden=\"true\" class=\"e-font-icon-svg e-eicon-chevron-right\" viewbox=\"0 0 1000 1000\" xmlns=\"http:\/\/www.w3.org\/2000\/svg\"><path d=\"M696 533C708 521 713 504 713 487 713 471 708 454 696 446L400 146C388 133 375 125 354 125 338 125 325 129 313 142 300 154 292 171 292 187 292 204 296 221 308 233L563 492 304 771C292 783 288 800 288 817 288 833 296 850 308 863 321 871 338 875 354 875 371 875 388 867 400 854L696 533Z\"><\/path><\/svg>\t\t\t\t\t<\/div>\n\t\t\t\t\n\t\t\t\t\t\t\t\t\t<div class=\"swiper-pagination\"><\/div>\n\t\t\t\t\t\t\t\t\t<\/div>\n\t\t\t\t\t\t<\/div>\n\t\t\t\t\t<\/div>\n\t\t<\/div>\n\t\t\t\t<div class=\"elementor-column elementor-col-20 elementor-top-column elementor-element elementor-element-5008cc8\" data-id=\"5008cc8\" data-element_type=\"column\" data-e-type=\"column\">\n\t\t\t<div class=\"elementor-widget-wrap\">\n\t\t\t\t\t\t\t<\/div>\n\t\t<\/div>\n\t\t\t\t\t<\/div>\n\t\t<\/section>\n\t\t\t\t<\/div>","protected":false},"excerpt":{"rendered":"<p>Microsoft Teams et Planner Microsoft Teams et Planner D\u00e9couvrez comment vous pouvez utiliser Planner avec Microsoft Teams, d\u00e9couvrez les cas d'utilisation courants et explorez comment vous pouvez cr\u00e9er des mod\u00e8les de Planner dans Teams. Pr\u00e9c\u00e9dent Suivant<\/p>","protected":false},"author":2,"featured_media":0,"parent":1777,"menu_order":0,"comment_status":"closed","ping_status":"closed","template":"","meta":{"content-type":"","inline_featured_image":false,"footnotes":""},"categories":[],"tags":[],"class_list":["post-6264","page","type-page","status-publish","hentry"],"featured_image_src":null,"yoast_head":"<!-- This site is optimized with the Yoast SEO Premium plugin v27.2 (Yoast SEO v27.2) - https:\/\/yoast.com\/product\/yoast-seo-premium-wordpress\/ -->\n<title>How to build Planner Templates - nBold<\/title>\n<meta name=\"robots\" content=\"noindex, nofollow\" \/>\n<meta property=\"og:locale\" content=\"fr_FR\" \/>\n<meta property=\"og:type\" content=\"article\" \/>\n<meta property=\"og:title\" content=\"How to build Planner Templates\" \/>\n<meta property=\"og:description\" content=\"Microsoft Teams and Planner Microsoft Teams and Planner Learn about how you can use Planner with Microsoft Teams, discover common use cases and explore how you can build Planner templates in Teams. Previous Next\" \/>\n<meta property=\"og:url\" content=\"https:\/\/nboldapp.com\/fr\/l\/comment-creer-des-modeles-de-planificateurs\/\" \/>\n<meta property=\"og:site_name\" content=\"nBold\" \/>\n<meta property=\"article:modified_time\" content=\"2023-01-17T08:54:17+00:00\" \/>\n<meta property=\"og:image\" content=\"https:\/\/nboldapp.com\/wp-content\/uploads\/2022\/11\/Group-1010105161.svg\" \/>\n<meta name=\"twitter:card\" content=\"summary_large_image\" \/>\n<meta name=\"twitter:site\" content=\"@nboldhq\" \/>\n<meta name=\"twitter:label1\" content=\"Dur\u00e9e de lecture estim\u00e9e\" \/>\n\t<meta name=\"twitter:data1\" content=\"2 minutes\" \/>\n<!-- \/ Yoast SEO Premium plugin. -->","yoast_head_json":{"title":"Comment cr\u00e9er des mod\u00e8les de planificateurs - nBold","robots":{"index":"noindex","follow":"nofollow"},"og_locale":"fr_FR","og_type":"article","og_title":"How to build Planner Templates","og_description":"Microsoft Teams and Planner Microsoft Teams and Planner Learn about how you can use Planner with Microsoft Teams, discover common use cases and explore how you can build Planner templates in Teams. Previous Next","og_url":"https:\/\/nboldapp.com\/fr\/l\/comment-creer-des-modeles-de-planificateurs\/","og_site_name":"nBold","article_modified_time":"2023-01-17T08:54:17+00:00","og_image":[{"url":"https:\/\/nboldapp.com\/wp-content\/uploads\/2022\/11\/Group-1010105161.svg","type":"","width":"","height":""}],"twitter_card":"summary_large_image","twitter_site":"@nboldhq","twitter_misc":{"Dur\u00e9e de lecture estim\u00e9e":"2 minutes"},"schema":{"@context":"https:\/\/schema.org","@graph":[{"@type":"WebPage","@id":"https:\/\/nboldapp.com\/l\/how-to-build-planner-templates\/","url":"https:\/\/nboldapp.com\/l\/how-to-build-planner-templates\/","name":"Comment cr\u00e9er des mod\u00e8les de planificateurs - nBold","isPartOf":{"@id":"https:\/\/nboldapp.com\/#website"},"primaryImageOfPage":{"@id":"https:\/\/nboldapp.com\/l\/how-to-build-planner-templates\/#primaryimage"},"image":{"@id":"https:\/\/nboldapp.com\/l\/how-to-build-planner-templates\/#primaryimage"},"thumbnailUrl":"https:\/\/nboldapp.com\/wp-content\/uploads\/2022\/11\/Group-1010105161.svg","datePublished":"2021-01-25T13:14:12+00:00","dateModified":"2023-01-17T08:54:17+00:00","breadcrumb":{"@id":"https:\/\/nboldapp.com\/l\/how-to-build-planner-templates\/#breadcrumb"},"inLanguage":"fr-FR","potentialAction":[{"@type":"ReadAction","target":["https:\/\/nboldapp.com\/l\/how-to-build-planner-templates\/"]}]},{"@type":"ImageObject","inLanguage":"fr-FR","@id":"https:\/\/nboldapp.com\/l\/how-to-build-planner-templates\/#primaryimage","url":"https:\/\/nboldapp.com\/wp-content\/uploads\/2022\/11\/Group-1010105161.svg","contentUrl":"https:\/\/nboldapp.com\/wp-content\/uploads\/2022\/11\/Group-1010105161.svg"},{"@type":"BreadcrumbList","@id":"https:\/\/nboldapp.com\/l\/how-to-build-planner-templates\/#breadcrumb","itemListElement":[{"@type":"ListItem","position":1,"name":"Home","item":"https:\/\/nboldapp.com\/"},{"@type":"ListItem","position":2,"name":"l","item":"https:\/\/nboldapp.com\/l\/"},{"@type":"ListItem","position":3,"name":"How to build Planner Templates"}]},{"@type":"WebSite","@id":"https:\/\/nboldapp.com\/#website","url":"https:\/\/nboldapp.com\/","name":"nBold","description":"The Collaboration Process Technology.","publisher":{"@id":"https:\/\/nboldapp.com\/#organization"},"potentialAction":[{"@type":"SearchAction","target":{"@type":"EntryPoint","urlTemplate":"https:\/\/nboldapp.com\/?s={search_term_string}"},"query-input":{"@type":"PropertyValueSpecification","valueRequired":true,"valueName":"search_term_string"}}],"inLanguage":"fr-FR"},{"@type":"Organization","@id":"https:\/\/nboldapp.com\/#organization","name":"nBold","url":"https:\/\/nboldapp.com\/","logo":{"@type":"ImageObject","inLanguage":"fr-FR","@id":"https:\/\/nboldapp.com\/#\/schema\/logo\/image\/","url":"https:\/\/nboldapp.com\/wp-content\/uploads\/2022\/02\/Logo.svg","contentUrl":"https:\/\/nboldapp.com\/wp-content\/uploads\/2022\/02\/Logo.svg","width":74,"height":21,"caption":"nBold"},"image":{"@id":"https:\/\/nboldapp.com\/#\/schema\/logo\/image\/"},"sameAs":["https:\/\/x.com\/nboldhq","https:\/\/www.linkedin.com\/company\/nboldhq"]}]}},"_links":{"self":[{"href":"https:\/\/nboldapp.com\/fr\/wp-json\/wp\/v2\/pages\/6264","targetHints":{"allow":["GET"]}}],"collection":[{"href":"https:\/\/nboldapp.com\/fr\/wp-json\/wp\/v2\/pages"}],"about":[{"href":"https:\/\/nboldapp.com\/fr\/wp-json\/wp\/v2\/types\/page"}],"author":[{"embeddable":true,"href":"https:\/\/nboldapp.com\/fr\/wp-json\/wp\/v2\/users\/2"}],"replies":[{"embeddable":true,"href":"https:\/\/nboldapp.com\/fr\/wp-json\/wp\/v2\/comments?post=6264"}],"version-history":[{"count":0,"href":"https:\/\/nboldapp.com\/fr\/wp-json\/wp\/v2\/pages\/6264\/revisions"}],"up":[{"embeddable":true,"href":"https:\/\/nboldapp.com\/fr\/wp-json\/wp\/v2\/pages\/1777"}],"wp:attachment":[{"href":"https:\/\/nboldapp.com\/fr\/wp-json\/wp\/v2\/media?parent=6264"}],"wp:term":[{"taxonomy":"category","embeddable":true,"href":"https:\/\/nboldapp.com\/fr\/wp-json\/wp\/v2\/categories?post=6264"},{"taxonomy":"post_tag","embeddable":true,"href":"https:\/\/nboldapp.com\/fr\/wp-json\/wp\/v2\/tags?post=6264"}],"curies":[{"name":"wp","href":"https:\/\/api.w.org\/{rel}","templated":true}]}}