{"id":6573,"date":"2021-02-17T12:17:18","date_gmt":"2021-02-17T11:17:18","guid":{"rendered":"https:\/\/nboldapp.com\/?page_id=6573"},"modified":"2022-08-24T15:26:22","modified_gmt":"2022-08-24T14:26:22","slug":"comment-creer-des-modeles-pour-microsoft-teams","status":"publish","type":"page","link":"https:\/\/nboldapp.com\/fr\/l\/how-to-build-microsoft-teams-templates\/","title":{"rendered":"Comment cr\u00e9er des mod\u00e8les Microsoft Teams"},"content":{"rendered":"\t\t<div data-elementor-type=\"wp-page\" data-elementor-id=\"6573\" class=\"elementor elementor-6573\" data-elementor-post-type=\"page\">\n\t\t\t\t\t\t<section class=\"elementor-section elementor-top-section elementor-element elementor-element-5d4ae8a7 elementor-section-boxed elementor-section-height-default elementor-section-height-default\" data-id=\"5d4ae8a7\" data-element_type=\"section\" data-e-type=\"section\" data-settings=\"{&quot;background_background&quot;:&quot;classic&quot;}\">\n\t\t\t\t\t\t<div class=\"elementor-container elementor-column-gap-default\">\n\t\t\t\t\t<div class=\"elementor-column elementor-col-100 elementor-top-column elementor-element elementor-element-dd6d289\" data-id=\"dd6d289\" data-element_type=\"column\" data-e-type=\"column\">\n\t\t\t<div class=\"elementor-widget-wrap elementor-element-populated\">\n\t\t\t\t\t\t<div class=\"elementor-element elementor-element-5778ad6f elementor-widget elementor-widget-heading\" data-id=\"5778ad6f\" data-element_type=\"widget\" data-e-type=\"widget\" data-widget_type=\"heading.default\">\n\t\t\t\t\t<h2 class=\"elementor-heading-title elementor-size-default\">Fill out the Form<\/h2>\t\t\t\t<\/div>\n\t\t\t\t<div class=\"elementor-element elementor-element-35226d3b elementor-widget elementor-widget-heading\" data-id=\"35226d3b\" data-element_type=\"widget\" data-e-type=\"widget\" data-widget_type=\"heading.default\">\n\t\t\t\t\t<h2 class=\"elementor-heading-title elementor-size-default\">And Access your Guide<\/h2>\t\t\t\t<\/div>\n\t\t\t\t\t<\/div>\n\t\t<\/div>\n\t\t\t\t\t<\/div>\n\t\t<\/section>\n\t\t\t\t<section class=\"elementor-section elementor-top-section elementor-element elementor-element-5f08ebba elementor-section-boxed elementor-section-height-default elementor-section-height-default\" data-id=\"5f08ebba\" data-element_type=\"section\" data-e-type=\"section\">\n\t\t\t\t\t\t<div class=\"elementor-container elementor-column-gap-default\">\n\t\t\t\t\t<div class=\"elementor-column elementor-col-20 elementor-top-column elementor-element elementor-element-4a812d18\" data-id=\"4a812d18\" data-element_type=\"column\" data-e-type=\"column\">\n\t\t\t<div class=\"elementor-widget-wrap\">\n\t\t\t\t\t\t\t<\/div>\n\t\t<\/div>\n\t\t\t\t<div class=\"elementor-column elementor-col-20 elementor-top-column elementor-element elementor-element-6d8ee929\" data-id=\"6d8ee929\" data-element_type=\"column\" data-e-type=\"column\">\n\t\t\t<div class=\"elementor-widget-wrap elementor-element-populated\">\n\t\t\t\t\t\t<div class=\"elementor-element elementor-element-2a28e43 elementor-widget elementor-widget-shortcode\" data-id=\"2a28e43\" data-element_type=\"widget\" data-e-type=\"widget\" data-widget_type=\"shortcode.default\">\n\t\t\t\t\t\t\t<div class=\"elementor-shortcode\"><!--[if lte IE 8]>\n<script charset=\"utf-8\" type=\"text\/javascript\" src=\"\/\/js.hsforms.net\/forms\/v2-legacy.js\"><\/script>\n<![endif]-->\n<script charset=\"utf-8\" type=\"text\/javascript\" src=\"\/\/js.hsforms.net\/forms\/v2.js\"><\/script>\n<script>\n  hbspt.forms.create({\n\tregion: \"na1\",\n\tportalId: \"6395096\",\n\tformId: \"02563acd-ef20-4e1a-af2c-fb1f2a101465\"\n});\n<\/script><\/div>\n\t\t\t\t\t\t<\/div>\n\t\t\t\t\t<\/div>\n\t\t<\/div>\n\t\t\t\t<div class=\"elementor-column elementor-col-20 elementor-top-column elementor-element elementor-element-37d21115\" data-id=\"37d21115\" data-element_type=\"column\" data-e-type=\"column\">\n\t\t\t<div class=\"elementor-widget-wrap\">\n\t\t\t\t\t\t\t<\/div>\n\t\t<\/div>\n\t\t\t\t<div class=\"elementor-column elementor-col-20 elementor-top-column elementor-element elementor-element-4bae8bb7\" data-id=\"4bae8bb7\" data-element_type=\"column\" data-e-type=\"column\">\n\t\t\t<div class=\"elementor-widget-wrap elementor-element-populated\">\n\t\t\t\t\t\t<div class=\"elementor-element elementor-element-3409a7c4 animated-slow elementor-invisible elementor-widget elementor-widget-image\" data-id=\"3409a7c4\" data-element_type=\"widget\" data-e-type=\"widget\" data-settings=\"{&quot;_animation&quot;:&quot;swing&quot;}\" data-widget_type=\"image.default\">\n\t\t\t\t\t\t\t\t\t\t\t\t\t\t\t<img fetchpriority=\"high\" decoding=\"async\" width=\"800\" height=\"450\" src=\"https:\/\/nboldapp.com\/wp-content\/uploads\/2022\/08\/MicrosoftTeams-image-15-1024x576.png\" class=\"attachment-large size-large wp-image-11074\" alt=\"\" srcset=\"https:\/\/nboldapp.com\/wp-content\/uploads\/2022\/08\/MicrosoftTeams-image-15-1024x576.png 1024w, https:\/\/nboldapp.com\/wp-content\/uploads\/2022\/08\/MicrosoftTeams-image-15-300x169.png 300w, https:\/\/nboldapp.com\/wp-content\/uploads\/2022\/08\/MicrosoftTeams-image-15-768x432.png 768w, https:\/\/nboldapp.com\/wp-content\/uploads\/2022\/08\/MicrosoftTeams-image-15-1536x864.png 1536w, https:\/\/nboldapp.com\/wp-content\/uploads\/2022\/08\/MicrosoftTeams-image-15.png 1643w\" sizes=\"(max-width: 800px) 100vw, 800px\" \/>\t\t\t\t\t\t\t\t\t\t\t\t\t\t\t<\/div>\n\t\t\t\t\t<\/div>\n\t\t<\/div>\n\t\t\t\t<div class=\"elementor-column elementor-col-20 elementor-top-column elementor-element elementor-element-11331ee8\" data-id=\"11331ee8\" data-element_type=\"column\" data-e-type=\"column\">\n\t\t\t<div class=\"elementor-widget-wrap\">\n\t\t\t\t\t\t\t<\/div>\n\t\t<\/div>\n\t\t\t\t\t<\/div>\n\t\t<\/section>\n\t\t\t\t<section class=\"elementor-section elementor-top-section elementor-element elementor-element-c35eaaa elementor-section-boxed elementor-section-height-default elementor-section-height-default\" data-id=\"c35eaaa\" data-element_type=\"section\" data-e-type=\"section\">\n\t\t\t\t\t\t<div class=\"elementor-container elementor-column-gap-default\">\n\t\t\t\t\t<div class=\"elementor-column elementor-col-100 elementor-top-column elementor-element elementor-element-7fda7b2\" data-id=\"7fda7b2\" data-element_type=\"column\" data-e-type=\"column\">\n\t\t\t<div class=\"elementor-widget-wrap elementor-element-populated\">\n\t\t\t\t\t\t<div class=\"elementor-element elementor-element-20f6fa2 elementor-widget elementor-widget-spacer\" data-id=\"20f6fa2\" data-element_type=\"widget\" data-e-type=\"widget\" data-widget_type=\"spacer.default\">\n\t\t\t\t\t\t\t<div class=\"elementor-spacer\">\n\t\t\t<div class=\"elementor-spacer-inner\"><\/div>\n\t\t<\/div>\n\t\t\t\t\t\t<\/div>\n\t\t\t\t\t<\/div>\n\t\t<\/div>\n\t\t\t\t\t<\/div>\n\t\t<\/section>\n\t\t\t\t<\/div>\n\t\t","protected":false},"excerpt":{"rendered":"<p>Remplissez le formulaire et acc\u00e9dez \u00e0 votre guide<\/p>","protected":false},"author":2,"featured_media":0,"parent":1777,"menu_order":0,"comment_status":"closed","ping_status":"closed","template":"","meta":{"content-type":"","inline_featured_image":false,"footnotes":""},"categories":[],"tags":[],"class_list":["post-6573","page","type-page","status-publish","hentry"],"featured_image_src":null,"yoast_head":"<!-- This site is optimized with the Yoast SEO Premium plugin v27.2 (Yoast SEO v27.2) - https:\/\/yoast.com\/product\/yoast-seo-premium-wordpress\/ -->\n<title>How to build Microsoft Teams Templates - nBold<\/title>\n<meta name=\"description\" content=\"Download our Free Guide and learn how to build Microsoft Teams Templates depending on your use cases. Copied Channels, Files, Tabs with Apps, etc\" \/>\n<meta name=\"robots\" content=\"noindex, nofollow\" \/>\n<meta property=\"og:locale\" content=\"fr_FR\" \/>\n<meta property=\"og:type\" content=\"article\" \/>\n<meta property=\"og:title\" content=\"How to build Microsoft Teams Templates\" \/>\n<meta property=\"og:description\" content=\"Download our Free Guide and learn how to build Microsoft Teams Templates depending on your use cases. Copied Channels, Files, Tabs with Apps, etc\" \/>\n<meta property=\"og:url\" content=\"https:\/\/nboldapp.com\/fr\/l\/comment-creer-des-modeles-pour-microsoft-teams\/\" \/>\n<meta property=\"og:site_name\" content=\"nBold\" \/>\n<meta property=\"article:modified_time\" content=\"2022-08-24T14:26:22+00:00\" \/>\n<meta property=\"og:image\" content=\"https:\/\/nboldapp.com\/wp-content\/uploads\/2022\/08\/MicrosoftTeams-image-15-1024x576.png\" \/>\n<meta name=\"twitter:card\" content=\"summary_large_image\" \/>\n<meta name=\"twitter:site\" content=\"@nboldhq\" \/>\n<meta name=\"twitter:label1\" content=\"Dur\u00e9e de lecture estim\u00e9e\" \/>\n\t<meta name=\"twitter:data1\" content=\"1 minute\" \/>\n<!-- \/ Yoast SEO Premium plugin. -->","yoast_head_json":{"title":"Comment cr\u00e9er des mod\u00e8les Microsoft Teams - nBold","description":"T\u00e9l\u00e9chargez notre guide gratuit et apprenez \u00e0 cr\u00e9er des mod\u00e8les Microsoft Teams en fonction de vos cas d'utilisation. Canaux copi\u00e9s, fichiers, onglets avec applications, etc.","robots":{"index":"noindex","follow":"nofollow"},"og_locale":"fr_FR","og_type":"article","og_title":"How to build Microsoft Teams Templates","og_description":"Download our Free Guide and learn how to build Microsoft Teams Templates depending on your use cases. Copied Channels, Files, Tabs with Apps, etc","og_url":"https:\/\/nboldapp.com\/fr\/l\/comment-creer-des-modeles-pour-microsoft-teams\/","og_site_name":"nBold","article_modified_time":"2022-08-24T14:26:22+00:00","og_image":[{"url":"https:\/\/nboldapp.com\/wp-content\/uploads\/2022\/08\/MicrosoftTeams-image-15-1024x576.png","type":"","width":"","height":""}],"twitter_card":"summary_large_image","twitter_site":"@nboldhq","twitter_misc":{"Dur\u00e9e de lecture estim\u00e9e":"1 minute"},"schema":{"@context":"https:\/\/schema.org","@graph":[{"@type":"WebPage","@id":"https:\/\/nboldapp.com\/l\/how-to-build-microsoft-teams-templates\/","url":"https:\/\/nboldapp.com\/l\/how-to-build-microsoft-teams-templates\/","name":"Comment cr\u00e9er des mod\u00e8les Microsoft Teams - nBold","isPartOf":{"@id":"https:\/\/nboldapp.com\/#website"},"primaryImageOfPage":{"@id":"https:\/\/nboldapp.com\/l\/how-to-build-microsoft-teams-templates\/#primaryimage"},"image":{"@id":"https:\/\/nboldapp.com\/l\/how-to-build-microsoft-teams-templates\/#primaryimage"},"thumbnailUrl":"https:\/\/nboldapp.com\/wp-content\/uploads\/2022\/08\/MicrosoftTeams-image-15-1024x576.png","datePublished":"2021-02-17T11:17:18+00:00","dateModified":"2022-08-24T14:26:22+00:00","description":"T\u00e9l\u00e9chargez notre guide gratuit et apprenez \u00e0 cr\u00e9er des mod\u00e8les Microsoft Teams en fonction de vos cas d'utilisation. Canaux copi\u00e9s, fichiers, onglets avec applications, etc.","breadcrumb":{"@id":"https:\/\/nboldapp.com\/l\/how-to-build-microsoft-teams-templates\/#breadcrumb"},"inLanguage":"fr-FR","potentialAction":[{"@type":"ReadAction","target":["https:\/\/nboldapp.com\/l\/how-to-build-microsoft-teams-templates\/"]}]},{"@type":"ImageObject","inLanguage":"fr-FR","@id":"https:\/\/nboldapp.com\/l\/how-to-build-microsoft-teams-templates\/#primaryimage","url":"https:\/\/nboldapp.com\/wp-content\/uploads\/2022\/08\/MicrosoftTeams-image-15-1024x576.png","contentUrl":"https:\/\/nboldapp.com\/wp-content\/uploads\/2022\/08\/MicrosoftTeams-image-15-1024x576.png"},{"@type":"BreadcrumbList","@id":"https:\/\/nboldapp.com\/l\/how-to-build-microsoft-teams-templates\/#breadcrumb","itemListElement":[{"@type":"ListItem","position":1,"name":"Home","item":"https:\/\/nboldapp.com\/"},{"@type":"ListItem","position":2,"name":"l","item":"https:\/\/nboldapp.com\/l\/"},{"@type":"ListItem","position":3,"name":"How to build Microsoft Teams Templates"}]},{"@type":"WebSite","@id":"https:\/\/nboldapp.com\/#website","url":"https:\/\/nboldapp.com\/","name":"nBold","description":"The Collaboration Process Technology.","publisher":{"@id":"https:\/\/nboldapp.com\/#organization"},"potentialAction":[{"@type":"SearchAction","target":{"@type":"EntryPoint","urlTemplate":"https:\/\/nboldapp.com\/?s={search_term_string}"},"query-input":{"@type":"PropertyValueSpecification","valueRequired":true,"valueName":"search_term_string"}}],"inLanguage":"fr-FR"},{"@type":"Organization","@id":"https:\/\/nboldapp.com\/#organization","name":"nBold","url":"https:\/\/nboldapp.com\/","logo":{"@type":"ImageObject","inLanguage":"fr-FR","@id":"https:\/\/nboldapp.com\/#\/schema\/logo\/image\/","url":"https:\/\/nboldapp.com\/wp-content\/uploads\/2022\/02\/Logo.svg","contentUrl":"https:\/\/nboldapp.com\/wp-content\/uploads\/2022\/02\/Logo.svg","width":74,"height":21,"caption":"nBold"},"image":{"@id":"https:\/\/nboldapp.com\/#\/schema\/logo\/image\/"},"sameAs":["https:\/\/x.com\/nboldhq","https:\/\/www.linkedin.com\/company\/nboldhq"]}]}},"_links":{"self":[{"href":"https:\/\/nboldapp.com\/fr\/wp-json\/wp\/v2\/pages\/6573","targetHints":{"allow":["GET"]}}],"collection":[{"href":"https:\/\/nboldapp.com\/fr\/wp-json\/wp\/v2\/pages"}],"about":[{"href":"https:\/\/nboldapp.com\/fr\/wp-json\/wp\/v2\/types\/page"}],"author":[{"embeddable":true,"href":"https:\/\/nboldapp.com\/fr\/wp-json\/wp\/v2\/users\/2"}],"replies":[{"embeddable":true,"href":"https:\/\/nboldapp.com\/fr\/wp-json\/wp\/v2\/comments?post=6573"}],"version-history":[{"count":0,"href":"https:\/\/nboldapp.com\/fr\/wp-json\/wp\/v2\/pages\/6573\/revisions"}],"up":[{"embeddable":true,"href":"https:\/\/nboldapp.com\/fr\/wp-json\/wp\/v2\/pages\/1777"}],"wp:attachment":[{"href":"https:\/\/nboldapp.com\/fr\/wp-json\/wp\/v2\/media?parent=6573"}],"wp:term":[{"taxonomy":"category","embeddable":true,"href":"https:\/\/nboldapp.com\/fr\/wp-json\/wp\/v2\/categories?post=6573"},{"taxonomy":"post_tag","embeddable":true,"href":"https:\/\/nboldapp.com\/fr\/wp-json\/wp\/v2\/tags?post=6573"}],"curies":[{"name":"wp","href":"https:\/\/api.w.org\/{rel}","templated":true}]}}