{"id":8238,"date":"2021-10-01T10:57:41","date_gmt":"2021-10-01T09:57:41","guid":{"rendered":"https:\/\/nboldapp.com\/?page_id=8238"},"modified":"2025-09-22T15:42:03","modified_gmt":"2025-09-22T14:42:03","slug":"centre-de-demonstration","status":"publish","type":"page","link":"https:\/\/nboldapp.com\/fr\/demo-center\/","title":{"rendered":"Centre de d\u00e9monstration"},"content":{"rendered":"<div data-elementor-type=\"wp-page\" data-elementor-id=\"8238\" class=\"elementor elementor-8238\" data-elementor-post-type=\"page\">\n\t\t\t\t\t\t<section class=\"elementor-section elementor-top-section elementor-element elementor-element-d10cdf5 elementor-section-boxed elementor-section-height-default elementor-section-height-default\" data-id=\"d10cdf5\" data-element_type=\"section\" data-e-type=\"section\" data-settings=\"{&quot;background_background&quot;:&quot;classic&quot;,&quot;animation&quot;:&quot;none&quot;}\">\n\t\t\t\t\t\t<div class=\"elementor-container elementor-column-gap-default\">\n\t\t\t\t\t<div class=\"elementor-column elementor-col-33 elementor-top-column elementor-element elementor-element-d9de93e\" data-id=\"d9de93e\" data-element_type=\"column\" data-e-type=\"column\">\n\t\t\t<div class=\"elementor-widget-wrap\">\n\t\t\t\t\t\t\t<\/div>\n\t\t<\/div>\n\t\t\t\t<div class=\"elementor-column elementor-col-33 elementor-top-column elementor-element elementor-element-5be6a8a\" data-id=\"5be6a8a\" data-element_type=\"column\" data-e-type=\"column\">\n\t\t\t<div class=\"elementor-widget-wrap elementor-element-populated\">\n\t\t\t\t\t\t<div class=\"elementor-element elementor-element-3e48737 elementor-widget elementor-widget-heading\" data-id=\"3e48737\" data-element_type=\"widget\" data-e-type=\"widget\" data-widget_type=\"heading.default\">\n\t\t\t\t\t<h1 class=\"elementor-heading-title elementor-size-default\">Centre de d\u00e9monstration<\/h1>\t\t\t\t<\/div>\n\t\t\t\t\t<\/div>\n\t\t<\/div>\n\t\t\t\t<div class=\"elementor-column elementor-col-33 elementor-top-column elementor-element elementor-element-7bf487c\" data-id=\"7bf487c\" data-element_type=\"column\" data-e-type=\"column\">\n\t\t\t<div class=\"elementor-widget-wrap\">\n\t\t\t\t\t\t\t<\/div>\n\t\t<\/div>\n\t\t\t\t\t<\/div>\n\t\t<\/section>\n\t\t\t\t<section class=\"elementor-section elementor-top-section elementor-element elementor-element-746abd6 elementor-section-boxed elementor-section-height-default elementor-section-height-default\" data-id=\"746abd6\" data-element_type=\"section\" data-e-type=\"section\" data-settings=\"{&quot;background_background&quot;:&quot;classic&quot;}\">\n\t\t\t\t\t\t<div class=\"elementor-container elementor-column-gap-default\">\n\t\t\t\t\t<div class=\"elementor-column elementor-col-100 elementor-top-column elementor-element elementor-element-efe7ab3\" data-id=\"efe7ab3\" data-element_type=\"column\" data-e-type=\"column\">\n\t\t\t<div class=\"elementor-widget-wrap elementor-element-populated\">\n\t\t\t\t\t\t<div class=\"elementor-element elementor-element-d5288b1 elementor-widget elementor-widget-spacer\" data-id=\"d5288b1\" data-element_type=\"widget\" data-e-type=\"widget\" data-widget_type=\"spacer.default\">\n\t\t\t\t\t\t\t<div class=\"elementor-spacer\">\n\t\t\t<div class=\"elementor-spacer-inner\"><\/div>\n\t\t<\/div>\n\t\t\t\t\t\t<\/div>\n\t\t\t\t\t<\/div>\n\t\t<\/div>\n\t\t\t\t\t<\/div>\n\t\t<\/section>\n\t\t<div class=\"elementor-element elementor-element-6210ad4 e-flex e-con-boxed e-con e-parent\" data-id=\"6210ad4\" data-element_type=\"container\" data-e-type=\"container\">\n\t\t\t\t\t<div class=\"e-con-inner\">\n\t\t<div class=\"elementor-element elementor-element-ebaf426 e-con-full e-flex e-con e-child\" data-id=\"ebaf426\" data-element_type=\"container\" data-e-type=\"container\">\n\t\t\t\t<div class=\"elementor-element elementor-element-646cf23 elementor-widget elementor-widget-heading\" data-id=\"646cf23\" data-element_type=\"widget\" data-e-type=\"widget\" data-widget_type=\"heading.default\">\n\t\t\t\t\t<h2 class=\"elementor-heading-title elementor-size-default\">D\u00e9monstration de cr\u00e9ation d'\u00e9quipes<\/h2>\t\t\t\t<\/div>\n\t\t\t\t<div class=\"elementor-element elementor-element-f20ffbf elementor-widget elementor-widget-html\" data-id=\"f20ffbf\" data-element_type=\"widget\" data-e-type=\"widget\" data-widget_type=\"html.default\">\n\t\t\t\t\t<!--ARCADE EMBED START--><div style=\"position: relative; padding-bottom: calc(43.708333333333336% + 40px); height: 0; width: 100%;\"><iframe src=\"https:\/\/demo.arcade.software\/ZblYxFjyDhOBNM8FZNIJ?embed&embed_mobile=tab&embed_desktop=inline&show_copy_link=true\" title=\"Cr\u00e9er et organiser l&#039;espace de travail d&#039;une \u00e9quipe de projet\" frameborder=\"0\" loading=\"lazy\" webkitallowfullscreen mozallowfullscreen allowfullscreen allow=\"clipboard-write\" style=\"position: absolute; top: 0; left: 0; width: 100%; height: 100%; color-scheme: light;\" ><\/iframe><\/div><!--ARCADE EMBED END-->\t\t\t\t<\/div>\n\t\t\t\t<\/div>\n\t\t\t\t\t<\/div>\n\t\t\t\t<\/div>\n\t\t\t\t<\/div>","protected":false},"excerpt":{"rendered":"<p>Demo Center Teams Creation Demo<\/p>","protected":false},"author":2,"featured_media":9453,"parent":0,"menu_order":0,"comment_status":"closed","ping_status":"closed","template":"","meta":{"content-type":"","inline_featured_image":false,"footnotes":""},"categories":[],"tags":[],"class_list":["post-8238","page","type-page","status-publish","has-post-thumbnail","hentry"],"featured_image_src":"https:\/\/nboldapp.com\/wp-content\/uploads\/2022\/02\/Logo.png","yoast_head":"<!-- This site is optimized with the Yoast SEO Premium plugin v27.2 (Yoast SEO v27.2) - https:\/\/yoast.com\/product\/yoast-seo-premium-wordpress\/ -->\n<title>Demo Center - nBold<\/title>\n<meta name=\"description\" content=\"Explore the nBold Platform that enhances your collaboration at scale with Collaboration Templates, Collaboration Governance, and 3rd party app integration\" \/>\n<meta name=\"robots\" content=\"index, follow, max-snippet:-1, max-image-preview:large, max-video-preview:-1\" \/>\n<link rel=\"canonical\" href=\"https:\/\/nboldapp.com\/fr\/centre-de-demonstration\/\" \/>\n<meta property=\"og:locale\" content=\"fr_FR\" \/>\n<meta property=\"og:type\" content=\"article\" \/>\n<meta property=\"og:title\" content=\"Demo Center\" \/>\n<meta property=\"og:description\" content=\"Explore the nBold Platform that enhances your collaboration at scale with Collaboration Templates, Collaboration Governance, and 3rd party app integration\" \/>\n<meta property=\"og:url\" content=\"https:\/\/nboldapp.com\/fr\/centre-de-demonstration\/\" \/>\n<meta property=\"og:site_name\" content=\"nBold\" \/>\n<meta property=\"article:modified_time\" content=\"2025-09-22T14:42:03+00:00\" \/>\n<meta property=\"og:image\" content=\"https:\/\/nboldapp.com\/wp-content\/uploads\/2022\/02\/Logo.png\" \/>\n\t<meta property=\"og:image:width\" content=\"300\" \/>\n\t<meta property=\"og:image:height\" content=\"300\" \/>\n\t<meta property=\"og:image:type\" content=\"image\/png\" \/>\n<meta name=\"twitter:card\" content=\"summary_large_image\" \/>\n<meta name=\"twitter:site\" content=\"@nboldhq\" \/>\n<meta name=\"twitter:label1\" content=\"Dur\u00e9e de lecture estim\u00e9e\" \/>\n\t<meta name=\"twitter:data1\" content=\"1 minute\" \/>\n<!-- \/ Yoast SEO Premium plugin. -->","yoast_head_json":{"title":"Centre de d\u00e9monstrations - nBold","description":"D\u00e9couvrez la plateforme nBold qui am\u00e9liore votre collaboration \u00e0 grande \u00e9chelle gr\u00e2ce aux mod\u00e8les de collaboration, \u00e0 la gouvernance de la collaboration et \u00e0 l'int\u00e9gration d'applications tierces.","robots":{"index":"index","follow":"follow","max-snippet":"max-snippet:-1","max-image-preview":"max-image-preview:large","max-video-preview":"max-video-preview:-1"},"canonical":"https:\/\/nboldapp.com\/fr\/centre-de-demonstration\/","og_locale":"fr_FR","og_type":"article","og_title":"Demo Center","og_description":"Explore the nBold Platform that enhances your collaboration at scale with Collaboration Templates, Collaboration Governance, and 3rd party app integration","og_url":"https:\/\/nboldapp.com\/fr\/centre-de-demonstration\/","og_site_name":"nBold","article_modified_time":"2025-09-22T14:42:03+00:00","og_image":[{"width":300,"height":300,"url":"https:\/\/nboldapp.com\/wp-content\/uploads\/2022\/02\/Logo.png","type":"image\/png"}],"twitter_card":"summary_large_image","twitter_site":"@nboldhq","twitter_misc":{"Dur\u00e9e de lecture estim\u00e9e":"1 minute"},"schema":{"@context":"https:\/\/schema.org","@graph":[{"@type":"WebPage","@id":"https:\/\/nboldapp.com\/demo-center\/","url":"https:\/\/nboldapp.com\/demo-center\/","name":"Centre de d\u00e9monstrations - nBold","isPartOf":{"@id":"https:\/\/nboldapp.com\/#website"},"primaryImageOfPage":{"@id":"https:\/\/nboldapp.com\/demo-center\/#primaryimage"},"image":{"@id":"https:\/\/nboldapp.com\/demo-center\/#primaryimage"},"thumbnailUrl":"https:\/\/nboldapp.com\/wp-content\/uploads\/2022\/02\/Logo.png","datePublished":"2021-10-01T09:57:41+00:00","dateModified":"2025-09-22T14:42:03+00:00","description":"D\u00e9couvrez la plateforme nBold qui am\u00e9liore votre collaboration \u00e0 grande \u00e9chelle gr\u00e2ce aux mod\u00e8les de collaboration, \u00e0 la gouvernance de la collaboration et \u00e0 l'int\u00e9gration d'applications tierces.","breadcrumb":{"@id":"https:\/\/nboldapp.com\/demo-center\/#breadcrumb"},"inLanguage":"fr-FR","potentialAction":[{"@type":"ReadAction","target":["https:\/\/nboldapp.com\/demo-center\/"]}]},{"@type":"ImageObject","inLanguage":"fr-FR","@id":"https:\/\/nboldapp.com\/demo-center\/#primaryimage","url":"https:\/\/nboldapp.com\/wp-content\/uploads\/2022\/02\/Logo.png","contentUrl":"https:\/\/nboldapp.com\/wp-content\/uploads\/2022\/02\/Logo.png","width":300,"height":300},{"@type":"BreadcrumbList","@id":"https:\/\/nboldapp.com\/demo-center\/#breadcrumb","itemListElement":[{"@type":"ListItem","position":1,"name":"Home","item":"https:\/\/nboldapp.com\/"},{"@type":"ListItem","position":2,"name":"Demo Center"}]},{"@type":"WebSite","@id":"https:\/\/nboldapp.com\/#website","url":"https:\/\/nboldapp.com\/","name":"nBold","description":"The Collaboration Process Technology.","publisher":{"@id":"https:\/\/nboldapp.com\/#organization"},"potentialAction":[{"@type":"SearchAction","target":{"@type":"EntryPoint","urlTemplate":"https:\/\/nboldapp.com\/?s={search_term_string}"},"query-input":{"@type":"PropertyValueSpecification","valueRequired":true,"valueName":"search_term_string"}}],"inLanguage":"fr-FR"},{"@type":"Organization","@id":"https:\/\/nboldapp.com\/#organization","name":"nBold","url":"https:\/\/nboldapp.com\/","logo":{"@type":"ImageObject","inLanguage":"fr-FR","@id":"https:\/\/nboldapp.com\/#\/schema\/logo\/image\/","url":"https:\/\/nboldapp.com\/wp-content\/uploads\/2022\/02\/Logo.svg","contentUrl":"https:\/\/nboldapp.com\/wp-content\/uploads\/2022\/02\/Logo.svg","width":74,"height":21,"caption":"nBold"},"image":{"@id":"https:\/\/nboldapp.com\/#\/schema\/logo\/image\/"},"sameAs":["https:\/\/x.com\/nboldhq","https:\/\/www.linkedin.com\/company\/nboldhq"]}]}},"_links":{"self":[{"href":"https:\/\/nboldapp.com\/fr\/wp-json\/wp\/v2\/pages\/8238","targetHints":{"allow":["GET"]}}],"collection":[{"href":"https:\/\/nboldapp.com\/fr\/wp-json\/wp\/v2\/pages"}],"about":[{"href":"https:\/\/nboldapp.com\/fr\/wp-json\/wp\/v2\/types\/page"}],"author":[{"embeddable":true,"href":"https:\/\/nboldapp.com\/fr\/wp-json\/wp\/v2\/users\/2"}],"replies":[{"embeddable":true,"href":"https:\/\/nboldapp.com\/fr\/wp-json\/wp\/v2\/comments?post=8238"}],"version-history":[{"count":0,"href":"https:\/\/nboldapp.com\/fr\/wp-json\/wp\/v2\/pages\/8238\/revisions"}],"wp:featuredmedia":[{"embeddable":true,"href":"https:\/\/nboldapp.com\/fr\/wp-json\/wp\/v2\/media\/9453"}],"wp:attachment":[{"href":"https:\/\/nboldapp.com\/fr\/wp-json\/wp\/v2\/media?parent=8238"}],"wp:term":[{"taxonomy":"category","embeddable":true,"href":"https:\/\/nboldapp.com\/fr\/wp-json\/wp\/v2\/categories?post=8238"},{"taxonomy":"post_tag","embeddable":true,"href":"https:\/\/nboldapp.com\/fr\/wp-json\/wp\/v2\/tags?post=8238"}],"curies":[{"name":"wp","href":"https:\/\/api.w.org\/{rel}","templated":true}]}}